{"id":54,"date":"2025-09-20T18:20:27","date_gmt":"2025-09-20T18:20:27","guid":{"rendered":"https:\/\/proyectomarte.es\/?page_id=54"},"modified":"2025-09-28T16:26:22","modified_gmt":"2025-09-28T16:26:22","slug":"home","status":"publish","type":"page","link":"https:\/\/proyectomarte.es\/","title":{"rendered":"Proyecto MARTE: un refugio creativo entre olivos y tierra roja"},"content":{"rendered":"\n<p class=\"has-black-color has-text-color has-background has-link-color has-medium-font-size wp-elements-3f0158d626507f4f6ad24024277ed3e5\" id=\"PROYECTOMARTE\" style=\"background-color:#fcb90096\"><strong>El Proyecto MARTE<\/strong> es hoy un espacio vivo en el coraz\u00f3n del altiplano granadino, donde naturaleza y creatividad se encuentran. Naci\u00f3 de la visi\u00f3n de transformar un terreno de olivos en un lugar con alma, pensado para ofrecer a artistas, viajeros y so\u00f1adores un retiro distinto: domos blancos en plena naturaleza, tiempo para desconectar y calma para volver a crear.<\/p>\n\n\n\n<div class=\"wp-block-columns is-layout-flex wp-container-core-columns-is-layout-9d6595d7 wp-block-columns-is-layout-flex\">\n<div class=\"wp-block-column is-layout-flow wp-block-column-is-layout-flow\" style=\"flex-basis:100%\"><div class=\"wp-block-image\">\n<figure class=\"alignright size-large is-resized\"><img loading=\"lazy\" decoding=\"async\" width=\"1024\" height=\"683\" src=\"https:\/\/proyectomarte.es\/wp-content\/uploads\/2025\/09\/ChatGPT-Image-28-sept-2025-18_09_11-1024x683.png\" alt=\"\" class=\"wp-image-122\" style=\"width:511px;height:auto\" srcset=\"https:\/\/proyectomarte.es\/wp-content\/uploads\/2025\/09\/ChatGPT-Image-28-sept-2025-18_09_11-1024x683.png 1024w, https:\/\/proyectomarte.es\/wp-content\/uploads\/2025\/09\/ChatGPT-Image-28-sept-2025-18_09_11-300x200.png 300w, https:\/\/proyectomarte.es\/wp-content\/uploads\/2025\/09\/ChatGPT-Image-28-sept-2025-18_09_11-768x512.png 768w, https:\/\/proyectomarte.es\/wp-content\/uploads\/2025\/09\/ChatGPT-Image-28-sept-2025-18_09_11-600x400.png 600w, https:\/\/proyectomarte.es\/wp-content\/uploads\/2025\/09\/ChatGPT-Image-28-sept-2025-18_09_11.png 1536w\" sizes=\"auto, (max-width: 1024px) 100vw, 1024px\" \/><figcaption class=\"wp-element-caption\">Imagen creada con IA para ilustrar esta presentaci\u00f3n.<\/figcaption><\/figure>\n<\/div>\n\n<div class=\"wp-block-image\">\n<figure class=\"alignleft size-large is-resized\"><img loading=\"lazy\" decoding=\"async\" width=\"1024\" height=\"683\" src=\"https:\/\/proyectomarte.es\/wp-content\/uploads\/2025\/09\/ChatGPT-Image-28-sept-2025-18_14_49-1024x683.png\" alt=\"\" class=\"wp-image-125\" style=\"width:515px;height:auto\" srcset=\"https:\/\/proyectomarte.es\/wp-content\/uploads\/2025\/09\/ChatGPT-Image-28-sept-2025-18_14_49-1024x683.png 1024w, https:\/\/proyectomarte.es\/wp-content\/uploads\/2025\/09\/ChatGPT-Image-28-sept-2025-18_14_49-300x200.png 300w, https:\/\/proyectomarte.es\/wp-content\/uploads\/2025\/09\/ChatGPT-Image-28-sept-2025-18_14_49-768x512.png 768w, https:\/\/proyectomarte.es\/wp-content\/uploads\/2025\/09\/ChatGPT-Image-28-sept-2025-18_14_49-600x400.png 600w, https:\/\/proyectomarte.es\/wp-content\/uploads\/2025\/09\/ChatGPT-Image-28-sept-2025-18_14_49.png 1536w\" sizes=\"auto, (max-width: 1024px) 100vw, 1024px\" \/><figcaption class=\"wp-element-caption\">Imagen creada con IA para ilustrar esta presentaci\u00f3n<\/figcaption><\/figure>\n<\/div><\/div>\n<\/div>\n\n\n\n<p class=\"has-black-color has-text-color has-background has-link-color has-medium-font-size wp-elements-a581ed3903e6024ea1de807ff6a7fe2a\" style=\"background-color:#fcb90096\">Nuestra propuesta principal son los <strong>retiros art\u00edsticos y el hospedaje en domos<\/strong>, un entorno dise\u00f1ado para la inspiraci\u00f3n, la convivencia y el descanso. Aqu\u00ed, cada estancia se convierte en una experiencia de conexi\u00f3n: con uno mismo, con otros creadores y con la tierra.<\/p>\n\n\n<div class=\"wp-block-image\">\n<figure class=\"aligncenter size-large\"><img loading=\"lazy\" decoding=\"async\" width=\"683\" height=\"1024\" src=\"https:\/\/proyectomarte.es\/wp-content\/uploads\/2025\/09\/ChatGPT-Image-28-sept-2025-18_18_42-683x1024.png\" alt=\"\" class=\"wp-image-129\" srcset=\"https:\/\/proyectomarte.es\/wp-content\/uploads\/2025\/09\/ChatGPT-Image-28-sept-2025-18_18_42-683x1024.png 683w, https:\/\/proyectomarte.es\/wp-content\/uploads\/2025\/09\/ChatGPT-Image-28-sept-2025-18_18_42-200x300.png 200w, https:\/\/proyectomarte.es\/wp-content\/uploads\/2025\/09\/ChatGPT-Image-28-sept-2025-18_18_42-768x1152.png 768w, https:\/\/proyectomarte.es\/wp-content\/uploads\/2025\/09\/ChatGPT-Image-28-sept-2025-18_18_42-600x900.png 600w, https:\/\/proyectomarte.es\/wp-content\/uploads\/2025\/09\/ChatGPT-Image-28-sept-2025-18_18_42.png 1024w\" sizes=\"auto, (max-width: 683px) 100vw, 683px\" \/><figcaption class=\"wp-element-caption\">Imagen creada con IA para ilustrar esta presentaci\u00f3n<\/figcaption><\/figure>\n<\/div>\n\n\n<p class=\"has-black-color has-text-color has-background has-link-color has-medium-font-size wp-elements-e4940ca1c5ca7da8d3a5b94df34b6ccb\" style=\"background-color:#fcb90096\">Pero Proyecto MARTE es m\u00e1s que un espacio para alojarse. En la finca cultivamos nuestra propia <strong>huerta ecol\u00f3gica<\/strong>, siguiendo m\u00e9todos sostenibles y respetuosos con el entorno. De ella nacen productos de temporada \u2014frescos, naturales y locales\u2014 que compartimos con quienes nos visitan y tambi\u00e9n enviamos directamente a domicilio, llevando un pedacito del campo hasta tu mesa.<\/p>\n\n\n<div class=\"wp-block-image\">\n<figure class=\"aligncenter size-full\"><img loading=\"lazy\" decoding=\"async\" width=\"1920\" height=\"878\" src=\"https:\/\/proyectomarte.es\/wp-content\/uploads\/2025\/09\/slide-3.png\" alt=\"\" class=\"wp-image-74\" srcset=\"https:\/\/proyectomarte.es\/wp-content\/uploads\/2025\/09\/slide-3.png 1920w, https:\/\/proyectomarte.es\/wp-content\/uploads\/2025\/09\/slide-3-300x137.png 300w, https:\/\/proyectomarte.es\/wp-content\/uploads\/2025\/09\/slide-3-1024x468.png 1024w, https:\/\/proyectomarte.es\/wp-content\/uploads\/2025\/09\/slide-3-768x351.png 768w, https:\/\/proyectomarte.es\/wp-content\/uploads\/2025\/09\/slide-3-1536x702.png 1536w, https:\/\/proyectomarte.es\/wp-content\/uploads\/2025\/09\/slide-3-600x274.png 600w\" sizes=\"auto, (max-width: 1920px) 100vw, 1920px\" \/><\/figure>\n<\/div>\n\n\n<p class=\"has-black-color has-text-color has-background has-link-color has-medium-font-size wp-elements-90fa3079baa87bb66a5b4ccdefe46f67\" id=\"PROYECTOMARTE\" style=\"background-color:#fcb90096\">Creemos en una vida m\u00e1s lenta, m\u00e1s consciente y m\u00e1s aut\u00e9ntica. Por eso, Proyecto MARTE es a la vez refugio, taller y huerta: un lugar donde los olivos son testigos del arte que florece y de los frutos que la tierra nos regala.<\/p>\n\n\n<div class=\"wp-block-image\">\n<figure class=\"aligncenter size-full\"><img loading=\"lazy\" decoding=\"async\" width=\"250\" height=\"250\" src=\"https:\/\/proyectomarte.es\/wp-content\/uploads\/2025\/09\/TRISQUEL-SIN-CIRCULO-recortado-icono.png\" alt=\"\" class=\"wp-image-19\" srcset=\"https:\/\/proyectomarte.es\/wp-content\/uploads\/2025\/09\/TRISQUEL-SIN-CIRCULO-recortado-icono.png 250w, https:\/\/proyectomarte.es\/wp-content\/uploads\/2025\/09\/TRISQUEL-SIN-CIRCULO-recortado-icono-150x150.png 150w, https:\/\/proyectomarte.es\/wp-content\/uploads\/2025\/09\/TRISQUEL-SIN-CIRCULO-recortado-icono-100x100.png 100w\" sizes=\"auto, (max-width: 250px) 100vw, 250px\" \/><\/figure>\n<\/div>","protected":false},"excerpt":{"rendered":"<p>El Proyecto MARTE es hoy un espacio vivo en el coraz\u00f3n del altiplano granadino, donde naturaleza y creatividad se encuentran. Naci\u00f3 de la visi\u00f3n de transformar un terreno de olivos en un lugar con alma, pensado para ofrecer a artistas, viajeros y so\u00f1adores un retiro distinto: domos blancos en plena naturaleza, tiempo para desconectar y [&hellip;]<\/p>\n","protected":false},"author":1,"featured_media":93,"parent":0,"menu_order":0,"comment_status":"closed","ping_status":"closed","template":"","meta":{"footnotes":""},"class_list":["post-54","page","type-page","status-publish","has-post-thumbnail","hentry"],"_links":{"self":[{"href":"https:\/\/proyectomarte.es\/wp-json\/wp\/v2\/pages\/54","targetHints":{"allow":["GET"]}}],"collection":[{"href":"https:\/\/proyectomarte.es\/wp-json\/wp\/v2\/pages"}],"about":[{"href":"https:\/\/proyectomarte.es\/wp-json\/wp\/v2\/types\/page"}],"author":[{"embeddable":true,"href":"https:\/\/proyectomarte.es\/wp-json\/wp\/v2\/users\/1"}],"replies":[{"embeddable":true,"href":"https:\/\/proyectomarte.es\/wp-json\/wp\/v2\/comments?post=54"}],"version-history":[{"count":29,"href":"https:\/\/proyectomarte.es\/wp-json\/wp\/v2\/pages\/54\/revisions"}],"predecessor-version":[{"id":135,"href":"https:\/\/proyectomarte.es\/wp-json\/wp\/v2\/pages\/54\/revisions\/135"}],"wp:featuredmedia":[{"embeddable":true,"href":"https:\/\/proyectomarte.es\/wp-json\/wp\/v2\/media\/93"}],"wp:attachment":[{"href":"https:\/\/proyectomarte.es\/wp-json\/wp\/v2\/media?parent=54"}],"curies":[{"name":"wp","href":"https:\/\/api.w.org\/{rel}","templated":true}]}}